{"id":217,"date":"2025-04-11T07:13:20","date_gmt":"2025-04-11T07:13:20","guid":{"rendered":"https:\/\/dedefenderaresolver.com\/de-defendre-a-resoldre\/"},"modified":"2025-11-11T10:24:07","modified_gmt":"2025-11-11T10:24:07","slug":"de-defendre-a-resoldre","status":"publish","type":"page","link":"https:\/\/presumedecomerciolocal.com\/ca\/","title":{"rendered":"25 d\u2019octubre, Dia del Comer\u00e7 Local"},"content":{"rendered":"<p>[et_pb_section fb_built=&#8221;1&#8243; custom_padding_last_edited=&#8221;on|phone&#8221; module_id=&#8221;decalogo&#8221; _builder_version=&#8221;4.27.4&#8243; _module_preset=&#8221;default&#8221; background_color=&#8221;#E2E0D6&#8243; background_image=&#8221;https:\/\/presumedecomerciolocal.com\/wp-content\/uploads\/2025\/10\/FONDO-DIA-DEL-COMERCIO-scaled.jpg&#8221; background_size=&#8221;stretch&#8221; custom_padding=&#8221;154px||7px||false|false&#8221; custom_padding_tablet=&#8221;30px||0px||false|false&#8221; custom_padding_phone=&#8221;0px||0px||false|false&#8221; background_last_edited=&#8221;on|desktop&#8221; background_image_tablet=&#8221;https:\/\/presumedecomerciolocal.com\/wp-content\/uploads\/2025\/04\/fondo-header-top-1.png&#8221; background_enable_image_tablet=&#8221;on&#8221; background_size_phone=&#8221;initial&#8221; global_colors_info=&#8221;{}&#8221;][et_pb_row _builder_version=&#8221;4.27.4&#8243; _module_preset=&#8221;default&#8221; width=&#8221;90%&#8221; max_width=&#8221;1920px&#8221; global_colors_info=&#8221;{}&#8221;][et_pb_column type=&#8221;4_4&#8243; _builder_version=&#8221;4.27.4&#8243; _module_preset=&#8221;default&#8221; global_colors_info=&#8221;{}&#8221;][et_pb_text _builder_version=&#8221;4.27.4&#8243; _module_preset=&#8221;default&#8221; text_font_size=&#8221;20px&#8221; header_font_size=&#8221;100px&#8221; header_2_font_size=&#8221;51px&#8221; width=&#8221;88%&#8221; module_alignment=&#8221;center&#8221; text_font_size_tablet=&#8221;20px&#8221; text_font_size_phone=&#8221;16px&#8221; text_font_size_last_edited=&#8221;on|phone&#8221; header_font_size_tablet=&#8221;100px&#8221; header_font_size_phone=&#8221;53px&#8221; header_font_size_last_edited=&#8221;on|phone&#8221; header_2_font_size_tablet=&#8221;38px&#8221; header_2_font_size_phone=&#8221;31px&#8221; header_2_font_size_last_edited=&#8221;on|phone&#8221; global_colors_info=&#8221;{}&#8221;]<\/p>\n<h2 style=\"text-align: center;\">Un Comer\u00e7 aix\u00ed \u00e9s per a presumir<\/h2>\n<p>&nbsp;<\/p>\n<p style=\"text-align: center;\">Amb motiu del Dia del Comer\u00e7 Local, ens unim en este gran mosaic digital interactiu en el qual presumim amb orgull de tot el que significa ser xicotet, local i de proximitat: uni\u00f3, for\u00e7a col\u00b7lectiva, const\u00e0ncia, barri, proximitat, producte de qualitat, futur, persones\u2026<\/p>\n<p style=\"text-align: center;\">Ja pots compartir en el teu <strong>Facebook o Instagram<\/strong> fotos i v\u00eddeos amb tot el que t\u2019enorgullix del teu comer\u00e7 <strong>amb l\u2019etiqueta #PresumixDeComer\u00e7Local<\/strong> i ajuda\u2019ns a fer este mosaic encara m\u00e9s gran. <strong>Tens fins al dia 25!<\/strong><\/p>\n<p style=\"text-align: center;\"><strong>25 d\u2019octubre, Dia del Comer\u00e7 Local. Participa ja i presumeix del que \u00e9s teu!<\/strong><\/p>\n<p>[\/et_pb_text][\/et_pb_column][\/et_pb_row][et_pb_row custom_padding_last_edited=&#8221;on|desktop&#8221; module_id=&#8221;mosaico&#8221; _builder_version=&#8221;4.27.4&#8243; _module_preset=&#8221;default&#8221; width=&#8221;90%&#8221; max_width=&#8221;1920px&#8221; custom_padding=&#8221;||55px|||&#8221; custom_padding_tablet=&#8221;||1px||false|false&#8221; custom_padding_phone=&#8221;||0px||false|false&#8221; global_colors_info=&#8221;{}&#8221;][et_pb_column type=&#8221;4_4&#8243; _builder_version=&#8221;4.27.4&#8243; _module_preset=&#8221;default&#8221; global_colors_info=&#8221;{}&#8221;][dsm_image_carousel gallery_ids=&#8221;416,414,412&#8243; slide_to_show=&#8221;3&#8243; infinite=&#8221;off&#8221; slide_to_show_tablet=&#8221;2&#8243; slide_to_show_phone=&#8221;1&#8243; slide_to_show_last_edited=&#8221;on|desktop&#8221; _builder_version=&#8221;4.27.4&#8243; _module_preset=&#8221;default&#8221; global_colors_info=&#8221;{}&#8221;][\/dsm_image_carousel][dsm_image_carousel gallery_ids=&#8221;418,420,422&#8243; slide_to_show=&#8221;3&#8243; infinite=&#8221;off&#8221; slide_to_show_tablet=&#8221;2&#8243; slide_to_show_phone=&#8221;1&#8243; slide_to_show_last_edited=&#8221;on|desktop&#8221; _builder_version=&#8221;4.27.4&#8243; _module_preset=&#8221;default&#8221; global_colors_info=&#8221;{}&#8221;][\/dsm_image_carousel][dsm_image_carousel gallery_ids=&#8221;424,428,446&#8243; slide_to_show=&#8221;3&#8243; infinite=&#8221;off&#8221; slide_to_show_tablet=&#8221;2&#8243; slide_to_show_phone=&#8221;1&#8243; slide_to_show_last_edited=&#8221;on|desktop&#8221; _builder_version=&#8221;4.27.4&#8243; _module_preset=&#8221;default&#8221; hover_enabled=&#8221;0&#8243; global_colors_info=&#8221;{}&#8221; sticky_enabled=&#8221;0&#8243;][\/dsm_image_carousel][dsm_image_carousel gallery_ids=&#8221;430,432,434&#8243; slide_to_show=&#8221;3&#8243; infinite=&#8221;off&#8221; slide_to_show_tablet=&#8221;2&#8243; slide_to_show_phone=&#8221;1&#8243; slide_to_show_last_edited=&#8221;on|desktop&#8221; _builder_version=&#8221;4.27.4&#8243; _module_preset=&#8221;default&#8221; global_colors_info=&#8221;{}&#8221;][\/dsm_image_carousel][\/et_pb_column][\/et_pb_row][\/et_pb_section][et_pb_section fb_built=&#8221;1&#8243; module_id=&#8221;descarga&#8221; _builder_version=&#8221;4.27.4&#8243; _module_preset=&#8221;default&#8221; background_color=&#8221;#E2E0D6&#8243; background_image=&#8221;https:\/\/presumedecomerciolocal.com\/wp-content\/uploads\/2025\/10\/ONDAS.png&#8221; background_size=&#8221;contain&#8221; background_position=&#8221;top_right&#8221; background_last_edited=&#8221;on|desktop&#8221; background_enable_image_tablet=&#8221;off&#8221; global_colors_info=&#8221;{}&#8221;][et_pb_row column_structure=&#8221;1_2,1_2&#8243; make_equal=&#8221;on&#8221; custom_padding_last_edited=&#8221;on|tablet&#8221; _builder_version=&#8221;4.27.4&#8243; _module_preset=&#8221;default&#8221; width=&#8221;84%&#8221; max_width=&#8221;1920px&#8221; custom_margin=&#8221;|||139px|false|false&#8221; custom_margin_tablet=&#8221;|||0px|false|false&#8221; custom_margin_phone=&#8221;|||0px|false|false&#8221; custom_margin_last_edited=&#8221;on|tablet&#8221; custom_padding=&#8221;|0px||62px|false|false&#8221; custom_padding_tablet=&#8221;|||0px|false|false&#8221; custom_padding_phone=&#8221;|||0px|false|false&#8221; module_alignment_tablet=&#8221;center&#8221; module_alignment_phone=&#8221;center&#8221; module_alignment_last_edited=&#8221;on|phone&#8221; custom_css_main_element=&#8221;align-items: center;||&#8221; global_colors_info=&#8221;{}&#8221;][et_pb_column type=&#8221;1_2&#8243; _builder_version=&#8221;4.27.4&#8243; _module_preset=&#8221;default&#8221; global_colors_info=&#8221;{}&#8221;][et_pb_text _builder_version=&#8221;4.27.4&#8243; _module_preset=&#8221;default&#8221; text_font_size=&#8221;20px&#8221; header_font_size=&#8221;100px&#8221; header_2_text_align=&#8221;left&#8221; header_2_font_size=&#8221;51px&#8221; custom_margin=&#8221;||12px|||&#8221; text_font_size_tablet=&#8221;20px&#8221; text_font_size_phone=&#8221;16px&#8221; text_font_size_last_edited=&#8221;on|phone&#8221; header_font_size_tablet=&#8221;100px&#8221; header_font_size_phone=&#8221;53px&#8221; header_font_size_last_edited=&#8221;on|phone&#8221; header_2_text_align_tablet=&#8221;center&#8221; header_2_text_align_phone=&#8221;center&#8221; header_2_text_align_last_edited=&#8221;on|phone&#8221; header_2_font_size_tablet=&#8221;38px&#8221; header_2_font_size_phone=&#8221;31px&#8221; header_2_font_size_last_edited=&#8221;on|phone&#8221; text_orientation_tablet=&#8221;center&#8221; text_orientation_phone=&#8221;center&#8221; text_orientation_last_edited=&#8221;on|desktop&#8221; global_colors_info=&#8221;{}&#8221;]<\/p>\n<h2>Unix-te i presumix<\/h2>\n<h2>del que tens!<\/h2>\n<p>[\/et_pb_text][et_pb_text _builder_version=&#8221;4.27.4&#8243; _module_preset=&#8221;default&#8221; text_font_size=&#8221;20px&#8221; header_font_size=&#8221;100px&#8221; header_2_text_align=&#8221;left&#8221; header_2_font_size=&#8221;51px&#8221; custom_margin=&#8221;||12px|||&#8221; text_font_size_tablet=&#8221;20px&#8221; text_font_size_phone=&#8221;16px&#8221; text_font_size_last_edited=&#8221;on|phone&#8221; header_font_size_tablet=&#8221;100px&#8221; header_font_size_phone=&#8221;53px&#8221; header_font_size_last_edited=&#8221;on|phone&#8221; header_2_text_align_tablet=&#8221;center&#8221; header_2_text_align_phone=&#8221;center&#8221; header_2_text_align_last_edited=&#8221;on|phone&#8221; header_2_font_size_tablet=&#8221;38px&#8221; header_2_font_size_phone=&#8221;31px&#8221; header_2_font_size_last_edited=&#8221;on|phone&#8221; text_orientation_tablet=&#8221;center&#8221; text_orientation_phone=&#8221;center&#8221; text_orientation_last_edited=&#8221;on|desktop&#8221; global_colors_info=&#8221;{}&#8221;]<\/p>\n<p>Descarrega\u2019t el material per a difondre la campanya i presumix de Comer\u00e7. <\/p>\n<p>[\/et_pb_text][dsm_button button_one_text=&#8221;KIT PRESUMEIX&#8221; button_one_url=&#8221;https:\/\/confecomerc.es\/va\/25-doctubre-dia-del-comerc-local-participa-ja-i-presumeix-del-que-es-teu\/&#8221; button_one_url_new_window=&#8221;on&#8221; button_alignment=&#8221;left&#8221; button_alignment_tablet=&#8221;center&#8221; button_alignment_phone=&#8221;center&#8221; button_alignment_last_edited=&#8221;on|phone&#8221; _builder_version=&#8221;4.27.4&#8243; _module_preset=&#8221;default&#8221; custom_button_one=&#8221;on&#8221; button_one_text_size=&#8221;16px&#8221; button_one_text_color=&#8221;#FFFFFF&#8221; button_one_bg_color=&#8221;#000000&#8243; button_one_border_width=&#8221;2px&#8221; button_one_border_color=&#8221;#000000&#8243; button_one_border_radius=&#8221;11px&#8221; button_one_letter_spacing=&#8221;0px&#8221; button_one_font=&#8221;|800|||||||&#8221; button_one_use_icon=&#8221;off&#8221; button_one_custom_padding=&#8221;1%|1vw|1%|1vw|false|false&#8221; button_one_custom_padding_tablet=&#8221;1%|1vw|1%|1vw|false|false&#8221; button_one_custom_padding_phone=&#8221;|4vw||10vw|false|false&#8221; button_one_custom_padding_last_edited=&#8221;on|phone&#8221; custom_button_two=&#8221;on&#8221; button_two_text_size=&#8221;16px&#8221; button_two_border_radius=&#8221;11px&#8221; button_two_letter_spacing=&#8221;0px&#8221; button_two_font=&#8221;|800|||||||&#8221; button_two_icon=&#8221;&#xf232;||fa||400&#8243; button_two_icon_placement=&#8221;left&#8221; button_two_on_hover=&#8221;off&#8221; button_two_custom_padding=&#8221;1%|1vw|1%|2vw|false|false&#8221; button_two_custom_padding_tablet=&#8221;1%|1vw|1%|2vw|false|false&#8221; button_two_custom_padding_phone=&#8221;|4vw||10vw|false|false&#8221; button_two_custom_padding_last_edited=&#8221;on|phone&#8221; custom_margin=&#8221;||53px|||&#8221; global_colors_info=&#8221;{}&#8221;][\/dsm_button][et_pb_text _builder_version=&#8221;4.27.4&#8243; _module_preset=&#8221;default&#8221; text_font_size=&#8221;20px&#8221; header_font_size=&#8221;100px&#8221; header_2_text_align=&#8221;left&#8221; header_2_font_size=&#8221;51px&#8221; custom_margin=&#8221;||12px|||&#8221; text_font_size_tablet=&#8221;20px&#8221; text_font_size_phone=&#8221;16px&#8221; text_font_size_last_edited=&#8221;on|phone&#8221; header_font_size_tablet=&#8221;100px&#8221; header_font_size_phone=&#8221;53px&#8221; header_font_size_last_edited=&#8221;on|phone&#8221; header_2_text_align_tablet=&#8221;center&#8221; header_2_text_align_phone=&#8221;center&#8221; header_2_text_align_last_edited=&#8221;on|phone&#8221; header_2_font_size_tablet=&#8221;38px&#8221; header_2_font_size_phone=&#8221;31px&#8221; header_2_font_size_last_edited=&#8221;on|phone&#8221; text_orientation_tablet=&#8221;center&#8221; text_orientation_phone=&#8221;center&#8221; text_orientation_last_edited=&#8221;on|desktop&#8221; global_colors_info=&#8221;{}&#8221;]<\/p>\n<p>A m\u00e9s, tamb\u00e9 pots compartir la<\/p>\n<p>campanya de la Generalitat.<\/p>\n<p>Descarrega\u2019t el seu material!<\/p>\n<p>[\/et_pb_text][dsm_button button_one_text=&#8221;KIT GENERALITAT&#8221; button_one_url=&#8221;https:\/\/presumedecomerciolocal.com\/\/wp-content\/uploads\/2025\/10\/Campanya_comercio_local_2025_cas.zip&#8221; button_one_url_new_window=&#8221;on&#8221; button_alignment=&#8221;left&#8221; button_alignment_tablet=&#8221;center&#8221; button_alignment_phone=&#8221;center&#8221; button_alignment_last_edited=&#8221;on|phone&#8221; _builder_version=&#8221;4.27.4&#8243; _module_preset=&#8221;default&#8221; custom_button_one=&#8221;on&#8221; button_one_text_size=&#8221;16px&#8221; button_one_border_radius=&#8221;11px&#8221; button_one_letter_spacing=&#8221;0px&#8221; button_one_font=&#8221;|800|||||||&#8221; button_one_use_icon=&#8221;off&#8221; button_one_custom_padding=&#8221;1%|1vw|1%|1vw|false|false&#8221; button_one_custom_padding_tablet=&#8221;1%|1vw|1%|1vw|false|false&#8221; button_one_custom_padding_phone=&#8221;|4vw||10vw|false|false&#8221; button_one_custom_padding_last_edited=&#8221;on|phone&#8221; custom_button_two=&#8221;on&#8221; button_two_text_size=&#8221;16px&#8221; button_two_border_radius=&#8221;11px&#8221; button_two_letter_spacing=&#8221;0px&#8221; button_two_font=&#8221;|800|||||||&#8221; button_two_icon=&#8221;&#xf232;||fa||400&#8243; button_two_icon_placement=&#8221;left&#8221; button_two_on_hover=&#8221;off&#8221; button_two_custom_padding=&#8221;1%|1vw|1%|2vw|false|false&#8221; button_two_custom_padding_tablet=&#8221;1%|1vw|1%|2vw|false|false&#8221; button_two_custom_padding_phone=&#8221;|4vw||10vw|false|false&#8221; button_two_custom_padding_last_edited=&#8221;on|phone&#8221; custom_margin=&#8221;||53px|||&#8221; global_colors_info=&#8221;{}&#8221;][\/dsm_button][\/et_pb_column][et_pb_column type=&#8221;1_2&#8243; _builder_version=&#8221;4.27.4&#8243; _module_preset=&#8221;default&#8221; background_enable_image=&#8221;off&#8221; background_size=&#8221;contain&#8221; global_colors_info=&#8221;{}&#8221;][dsm_floating_multi_images floating_height=&#8221;258px&#8221; _builder_version=&#8221;4.27.4&#8243; _module_preset=&#8221;default&#8221; transform_rotate=&#8221;0deg|0deg|15deg&#8221; global_colors_info=&#8221;{}&#8221;][dsm_floating_multi_images_child src=&#8221;https:\/\/presumedecomerciolocal.com\/wp-content\/uploads\/2025\/10\/kit-presume-val.jpg&#8221; alt=&#8221;kit-presume&#8221; title_text=&#8221;kit-presume&#8221; horizontal_align=&#8221;-1%&#8221; vertical_align=&#8221;-48%&#8221; horizontal_align_tablet=&#8221;27%&#8221; horizontal_align_phone=&#8221;27%&#8221; horizontal_align_last_edited=&#8221;on|phone&#8221; vertical_align_tablet=&#8221;-2%&#8221; vertical_align_phone=&#8221;-9%&#8221; vertical_align_last_edited=&#8221;on|tablet&#8221; _builder_version=&#8221;4.27.4&#8243; _module_preset=&#8221;default&#8221; transform_rotate=&#8221;276deg|295deg|66deg&#8221; global_colors_info=&#8221;{}&#8221;][\/dsm_floating_multi_images_child][\/dsm_floating_multi_images][\/et_pb_column][\/et_pb_row][\/et_pb_section]<\/p>\n","protected":false},"excerpt":{"rendered":"<p>Amb motiu del Dia del Comer\u00e7 Local, ens unim en este gran mosaic digital interactiu en el qual presumim amb orgull de tot el que significa ser xicotet, local i de proximitat: uni\u00f3, for\u00e7a col\u00b7lectiva, const\u00e0ncia, barri, proximitat, producte de qualitat, futur, persones\u2026<\/p>\n","protected":false},"author":1,"featured_media":189,"parent":0,"menu_order":0,"comment_status":"closed","ping_status":"closed","template":"","meta":{"_et_pb_use_builder":"on","_et_pb_old_content":"","_et_gb_content_width":"","footnotes":""},"class_list":["post-217","page","type-page","status-publish","has-post-thumbnail","hentry"],"_links":{"self":[{"href":"https:\/\/presumedecomerciolocal.com\/ca\/wp-json\/wp\/v2\/pages\/217","targetHints":{"allow":["GET"]}}],"collection":[{"href":"https:\/\/presumedecomerciolocal.com\/ca\/wp-json\/wp\/v2\/pages"}],"about":[{"href":"https:\/\/presumedecomerciolocal.com\/ca\/wp-json\/wp\/v2\/types\/page"}],"author":[{"embeddable":true,"href":"https:\/\/presumedecomerciolocal.com\/ca\/wp-json\/wp\/v2\/users\/1"}],"replies":[{"embeddable":true,"href":"https:\/\/presumedecomerciolocal.com\/ca\/wp-json\/wp\/v2\/comments?post=217"}],"version-history":[{"count":0,"href":"https:\/\/presumedecomerciolocal.com\/ca\/wp-json\/wp\/v2\/pages\/217\/revisions"}],"wp:featuredmedia":[{"embeddable":true,"href":"https:\/\/presumedecomerciolocal.com\/ca\/wp-json\/wp\/v2\/media\/189"}],"wp:attachment":[{"href":"https:\/\/presumedecomerciolocal.com\/ca\/wp-json\/wp\/v2\/media?parent=217"}],"curies":[{"name":"wp","href":"https:\/\/api.w.org\/{rel}","templated":true}]}}